{"id":8580,"date":"2025-11-28T23:35:12","date_gmt":"2025-11-28T22:35:12","guid":{"rendered":"https:\/\/www.unije.si\/datenschutzrichtlinie\/"},"modified":"2026-03-26T23:17:20","modified_gmt":"2026-03-26T22:17:20","slug":"datenschutzrichtlinie","status":"publish","type":"page","link":"https:\/\/www.unije.si\/de\/datenschutzrichtlinie\/","title":{"rendered":"Datenschutzrichtlinie"},"content":{"rendered":"<p>[et_pb_section fb_built=&#8220;1&#8243; fullwidth=&#8220;on&#8220; _builder_version=&#8220;4.16&#8243; background_color=&#8220;#ffffff&#8220; global_colors_info=&#8220;{}&#8220;][et_pb_fullwidth_header title=&#8220;Datenschutzrichtlinie &#8220; text_orientation=&#8220;center&#8220; content_max_width_phone=&#8220;100%&#8220; content_max_width_last_edited=&#8220;off|desktop&#8220; module_class=&#8220;sub_header&#8220; _builder_version=&#8220;4.27.4&#8243; title_font=&#8220;||||||||&#8220; title_font_size=&#8220;80px&#8220; background_color=&#8220;#ffffff&#8220; use_background_color_gradient=&#8220;on&#8220; background_color_gradient_stops=&#8220;rgba(10,0,0,0.38) 0%|rgba(10,0,0,0.38) 100%&#8220; background_color_gradient_overlays_image=&#8220;on&#8220; background_image=&#8220;https:\/\/www.unije.si\/wp-content\/uploads\/2025\/11\/unije_kamni-vsaka-stran-header-a.jpg&#8220; max_width_phone=&#8220;100%&#8220; max_width_last_edited=&#8220;off|desktop&#8220; module_alignment=&#8220;center&#8220; custom_padding=&#8220;100px||100px||true&#8220; hover_enabled=&#8220;0&#8243; title_font_size_tablet=&#8220;70px&#8220; title_font_size_phone=&#8220;45px&#8220; title_font_size_last_edited=&#8220;on|phone&#8220; title_text_shadow_style=&#8220;preset3&#8243; title_text_shadow_horizontal_length=&#8220;0.03em&#8220; title_text_shadow_vertical_length=&#8220;0.03em&#8220; title_text_shadow_blur_strength=&#8220;0.05em&#8220; box_shadow_style=&#8220;preset1&#8243; box_shadow_vertical=&#8220;0px&#8220; box_shadow_blur=&#8220;46px&#8220; box_shadow_color=&#8220;rgba(0,0,0,0.58)&#8220; box_shadow_position=&#8220;inner&#8220; global_colors_info=&#8220;{}&#8220; button_one_text_size__hover_enabled=&#8220;off&#8220; button_two_text_size__hover_enabled=&#8220;off&#8220; button_one_text_color__hover_enabled=&#8220;off&#8220; button_two_text_color__hover_enabled=&#8220;off&#8220; button_one_border_width__hover_enabled=&#8220;off&#8220; button_two_border_width__hover_enabled=&#8220;off&#8220; button_one_border_color__hover_enabled=&#8220;off&#8220; button_two_border_color__hover_enabled=&#8220;off&#8220; button_one_border_radius__hover_enabled=&#8220;off&#8220; button_two_border_radius__hover_enabled=&#8220;off&#8220; button_one_letter_spacing__hover_enabled=&#8220;off&#8220; button_two_letter_spacing__hover_enabled=&#8220;off&#8220; button_one_bg_color__hover_enabled=&#8220;off&#8220; button_two_bg_color__hover_enabled=&#8220;off&#8220; sticky_enabled=&#8220;0&#8243;][\/et_pb_fullwidth_header][\/et_pb_section][et_pb_section fb_built=&#8220;1&#8243; admin_label=&#8220;section&#8220; _builder_version=&#8220;4.16&#8243; global_colors_info=&#8220;{}&#8220;][et_pb_row admin_label=&#8220;row&#8220; _builder_version=&#8220;4.16&#8243; background_size=&#8220;initial&#8220; background_position=&#8220;top_left&#8220; background_repeat=&#8220;repeat&#8220; global_colors_info=&#8220;{}&#8220;][et_pb_column type=&#8220;4_4&#8243; _builder_version=&#8220;4.16&#8243; custom_padding=&#8220;|||&#8220; global_colors_info=&#8220;{}&#8220; custom_padding__hover=&#8220;|||&#8220;][et_pb_text admin_label=&#8220;Text&#8220; _builder_version=&#8220;4.27.4&#8243; background_size=&#8220;initial&#8220; background_position=&#8220;top_left&#8220; background_repeat=&#8220;repeat&#8220; global_colors_info=&#8220;{}&#8220;]<\/p>\n<p><!-- divi:heading --><\/p>\n<h2 class=\"wp-block-heading\">Wer wir sind <\/h2>\n<p><span class=\"HwtZe\" jsname=\"jqKxS\" jsaction=\"mouseup:Sxi9L,BR6jm; mousedown:qjlr0e\" lang=\"en\"><span jsname=\"txFAF\" class=\"jCAhz ChMk0b\" jsaction=\"agoMJf:PFBcW;MZfLnc:P7O7bd;nt4Alf:pvnm0e,pfE8Hb,PFBcW;B01qod:dJXsye;H1e5u:iXtTIf;lYIUJf:hij5Wb;tSpjdb:qAKMYb\" jscontroller=\"BiTO4b\"><span class=\"ryNqvb\" jsname=\"W297wb\" jsaction=\"click:PDNqTc,GFf3ac,qlVvte;contextmenu:Nqw7Te,QP7LD; mouseout:Nqw7Te; mouseover:PDNqTc,c2aHje\"><\/span><\/span><\/span><\/p>\n<blockquote class=\"wp-embedded-content\" data-secret=\"qmGI0Q8s02\"><p><a href=\"https:\/\/www.unije.si\/de\/\">Heim<\/a><\/p><\/blockquote>\n<p><iframe loading=\"lazy\" class=\"wp-embedded-content\" sandbox=\"allow-scripts\" security=\"restricted\" style=\"position: absolute; visibility: hidden;\" title=\"&#8222;Heim&#8220; &#8211; Island Otok Unije - Adriatic Sea Adventure and Fishing Island\" src=\"https:\/\/www.unije.si\/de\/embed\/#?secret=XGiBpCUZTu#?secret=qmGI0Q8s02\" data-secret=\"qmGI0Q8s02\" width=\"600\" height=\"338\" frameborder=\"0\" marginwidth=\"0\" marginheight=\"0\" scrolling=\"no\"><\/iframe><\/p>\n<p><!-- \/divi:heading --><br \/><!-- divi:heading --><\/p>\n<h2 class=\"wp-block-heading\"><span class=\"HwtZe\" jsname=\"jqKxS\" jsaction=\"mouseup:Sxi9L,BR6jm; mousedown:qjlr0e\" lang=\"en\"><span jsname=\"txFAF\" class=\"jCAhz ChMk0b\" jsaction=\"agoMJf:PFBcW;MZfLnc:P7O7bd;nt4Alf:pvnm0e,pfE8Hb,PFBcW;B01qod:dJXsye;H1e5u:iXtTIf;lYIUJf:hij5Wb;tSpjdb:qAKMYb\" jscontroller=\"BiTO4b\"><span class=\"ryNqvb\" jsname=\"W297wb\" jsaction=\"click:PDNqTc,GFf3ac,qlVvte;contextmenu:Nqw7Te,QP7LD; mouseout:Nqw7Te; mouseover:PDNqTc,c2aHje\">Comments<\/span><\/span><\/span><\/h2>\n<p>&nbsp;<\/p>\n<p>Wenn Besucher Kommentare auf der Website hinterlassen, erfassen wir die im Kommentarformular angezeigten Daten sowie die IP-Adresse und den Browser-User-Agent-String des Besuchers, um die Spam-Erkennung zu unterst\u00fctzen.<\/p>\n<p>&nbsp;<\/p>\n<h2 class=\"wp-block-heading\">Medien <\/h2>\n<p><!-- \/divi:heading --><br \/>Wenn Sie Bilder auf die Website hochladen, sollten Sie darauf achten, keine Bilder mit eingebetteten Standortdaten (EXIF-GPS) hochzuladen. Besucher der Website k\u00f6nnen diese Standortdaten aus den Bildern extrahieren. <\/p>\n<p><!-- \/divi:post-content --><br \/><!-- divi:heading --><\/p>\n<h2 class=\"wp-block-heading\">Cookies <\/h2>\n<p><!-- \/divi:heading --><br \/>Wenn Sie einen Kommentar auf unserer Website hinterlassen, k\u00f6nnen Sie optional Ihren Namen, Ihre E-Mail-Adresse und Ihre Website-Adresse in Cookies speichern lassen. Dies dient Ihrem Komfort, damit Sie Ihre Daten nicht erneut eingeben m\u00fcssen, wenn Sie einen weiteren Kommentar hinterlassen. Diese Cookies sind ein Jahr lang g\u00fcltig.  <\/p>\n<p><!-- \/divi:paragraph --><br \/><!-- divi:paragraph -->Wenn Sie unsere Anmeldeseite besuchen, setzen wir ein tempor\u00e4res Cookie, um festzustellen, ob Ihr Browser Cookies akzeptiert. Dieses Cookie enth\u00e4lt keine personenbezogenen Daten und wird beim Schlie\u00dfen des Browsers gel\u00f6scht. <\/p>\n<p><!-- \/divi:paragraph --><br \/><!-- divi:paragraph -->Wenn Sie sich anmelden, speichern wir mehrere Cookies, um Ihre Anmeldeinformationen und Ihre Bildschirmeinstellungen zu sichern. Anmelde-Cookies sind zwei Tage g\u00fcltig, Cookies f\u00fcr Bildschirmeinstellungen ein Jahr. Wenn Sie \u201eAngemeldet bleiben\u201c ausw\u00e4hlen, bleiben Sie zwei Wochen lang angemeldet. Wenn Sie sich abmelden, werden die Anmelde-Cookies gel\u00f6scht.   <\/p>\n<p><!-- \/divi:paragraph --><br \/><!-- divi:paragraph -->Wenn Sie einen Artikel bearbeiten oder ver\u00f6ffentlichen, wird ein zus\u00e4tzlicher Cookie in Ihrem Browser gespeichert. Dieser Cookie enth\u00e4lt keine personenbezogenen Daten und speichert lediglich die Beitrags-ID des bearbeiteten Artikels. Er l\u00e4uft nach einem Tag ab.  <\/p>\n<p><!-- \/divi:paragraph --><br \/><!-- divi:heading --><\/p>\n<h2 class=\"wp-block-heading\"><span class=\"HwtZe\" jsname=\"jqKxS\" jsaction=\"mouseup:Sxi9L,BR6jm; mousedown:qjlr0e\" lang=\"en\"><span jsname=\"txFAF\" class=\"jCAhz ChMk0b\" jsaction=\"agoMJf:PFBcW;MZfLnc:P7O7bd;nt4Alf:pvnm0e,pfE8Hb,PFBcW;B01qod:dJXsye;H1e5u:iXtTIf;lYIUJf:hij5Wb;tSpjdb:qAKMYb\" jscontroller=\"BiTO4b\"><span class=\"ryNqvb\" jsname=\"W297wb\" jsaction=\"click:PDNqTc,GFf3ac,qlVvte;contextmenu:Nqw7Te,QP7LD; mouseout:Nqw7Te; mouseover:PDNqTc,c2aHje\">Eingebettete Inhalte von anderen Websites <\/span><\/span><\/span><\/h2>\n<p><!-- \/divi:heading --><br \/>Artikel auf dieser Website k\u00f6nnen eingebettete Inhalte (z. B. Videos, Bilder, Artikel usw.) enthalten. Eingebettete Inhalte von anderen Websites verhalten sich genauso, als ob der Besucher die andere Website besucht h\u00e4tte. <\/p>\n<p><!-- \/divi:paragraph --><br \/><!-- divi:paragraph -->Diese Websites k\u00f6nnen Daten \u00fcber Sie sammeln, Cookies verwenden, zus\u00e4tzliche Tracking-Technologien von Drittanbietern einbetten und Ihre Interaktion mit diesen eingebetteten Inhalten \u00fcberwachen, einschlie\u00dflich der Verfolgung Ihrer Interaktion mit den eingebetteten Inhalten, wenn Sie ein Konto besitzen und auf dieser Website angemeldet sind. <\/p>\n<p><!-- \/divi:paragraph --><\/p>\n<p>[\/et_pb_text][\/et_pb_column][\/et_pb_row][\/et_pb_section][et_pb_section fb_built=&#8220;1&#8243; _builder_version=&#8220;4.27.4&#8243; background_enable_color=&#8220;off&#8220; use_background_color_gradient=&#8220;on&#8220; background_color_gradient_stops=&#8220;rgba(10,1,1,0.22) 0%|rgba(22,4,4,0.3) 100%&#8220; background_color_gradient_overlays_image=&#8220;on&#8220; background_image=&#8220;https:\/\/www.unije.si\/wp-content\/uploads\/2025\/11\/Unije_prva-stran5.jpg&#8220; saved_tabs=&#8220;all&#8220; global_colors_info=&#8220;{}&#8220;][et_pb_row _builder_version=&#8220;4.16&#8243; global_colors_info=&#8220;{}&#8220;][et_pb_column type=&#8220;4_4&#8243; _builder_version=&#8220;4.16&#8243; custom_padding=&#8220;|||&#8220; global_colors_info=&#8220;{}&#8220; custom_padding__hover=&#8220;|||&#8220;][et_pb_text _builder_version=&#8220;4.27.4&#8243; header_font=&#8220;||||||||&#8220; header_2_font=&#8220;|||on|||||&#8220; header_2_text_align=&#8220;center&#8220; header_2_text_color=&#8220;#ffffff&#8220; header_2_font_size=&#8220;58px&#8220; custom_margin=&#8220;||20px|&#8220; hover_enabled=&#8220;0&#8243; header_2_font_size_tablet=&#8220;55px&#8220; header_2_font_size_phone=&#8220;45px&#8220; header_2_font_size_last_edited=&#8220;on|phone&#8220; header_2_text_shadow_style=&#8220;preset3&#8243; header_2_text_shadow_horizontal_length=&#8220;0.03em&#8220; header_2_text_shadow_vertical_length=&#8220;0.03em&#8220; header_2_text_shadow_blur_strength=&#8220;0.05em&#8220; global_colors_info=&#8220;{}&#8220; sticky_enabled=&#8220;0&#8243;]<\/p>\n<h2>Reservierung vornehmen<\/h2>\n<p>[\/et_pb_text][et_pb_text _builder_version=&#8220;4.27.4&#8243; text_font=&#8220;|700||on|||||&#8220; text_text_color=&#8220;#eeefb3&#8243; text_font_size=&#8220;30px&#8220; text_line_height=&#8220;1.1em&#8220; text_orientation=&#8220;center&#8220; text_font_size_tablet=&#8220;&#8220; text_font_size_phone=&#8220;22px&#8220; text_font_size_last_edited=&#8220;on|phone&#8220; text_text_shadow_style=&#8220;preset3&#8243; text_text_shadow_horizontal_length=&#8220;0.03em&#8220; text_text_shadow_vertical_length=&#8220;0.03em&#8220; text_text_shadow_blur_strength=&#8220;0.05em&#8220; global_colors_info=&#8220;{}&#8220;]<\/p>\n<p>Kontaktieren Sie uns <\/p>\n<p>[\/et_pb_text][et_pb_button button_url=&#8220;https:\/\/www.unije.si\/de\/kontakt\/&#8220; button_text=&#8220;Kontakt &#8220; button_alignment=&#8220;center&#8220; _builder_version=&#8220;4.27.4&#8243; custom_button=&#8220;on&#8220; button_text_color=&#8220;#ffffff&#8220; button_bg_color=&#8220;#06659f&#8220; button_border_width=&#8220;0px&#8220; button_border_radius=&#8220;40px&#8220; button_font=&#8220;Playfair Display||||||||&#8220; button_use_icon=&#8220;off&#8220; custom_margin=&#8220;10px|||&#8220; custom_padding=&#8220;10px|35px|12px|35px|false|false&#8220; box_shadow_style=&#8220;preset1&#8243; button_bg_color_hover=&#8220;#d85326&#8243; global_colors_info=&#8220;{}&#8220; button_text_size__hover_enabled=&#8220;off&#8220; button_one_text_size__hover_enabled=&#8220;off&#8220; button_two_text_size__hover_enabled=&#8220;off&#8220; button_text_color__hover_enabled=&#8220;off&#8220; button_one_text_color__hover_enabled=&#8220;off&#8220; button_two_text_color__hover_enabled=&#8220;off&#8220; button_border_width__hover_enabled=&#8220;off&#8220; button_one_border_width__hover_enabled=&#8220;off&#8220; button_two_border_width__hover_enabled=&#8220;off&#8220; button_border_color__hover_enabled=&#8220;off&#8220; button_one_border_color__hover_enabled=&#8220;off&#8220; button_two_border_color__hover_enabled=&#8220;off&#8220; button_border_radius__hover_enabled=&#8220;off&#8220; button_one_border_radius__hover_enabled=&#8220;off&#8220; button_two_border_radius__hover_enabled=&#8220;off&#8220; button_letter_spacing__hover_enabled=&#8220;off&#8220; button_one_letter_spacing__hover_enabled=&#8220;off&#8220; button_two_letter_spacing__hover_enabled=&#8220;off&#8220; button_bg_color__hover_enabled=&#8220;on&#8220; button_bg_color__hover=&#8220;#d85326&#8243; button_one_bg_color__hover_enabled=&#8220;off&#8220; button_two_bg_color__hover_enabled=&#8220;off&#8220;]<\/p>\n<p>[\/et_pb_button][\/et_pb_column][\/et_pb_row][\/et_pb_section]<\/p>\n","protected":false},"excerpt":{"rendered":"<p>Wer wir sind https:\/\/www.unije.si Comments &nbsp; Wenn Besucher Kommentare auf der Website hinterlassen, erfassen wir die im Kommentarformular angezeigten Daten sowie die IP-Adresse und den Browser-User-Agent-String des Besuchers, um die Spam-Erkennung zu unterst\u00fctzen. &nbsp; Medien Wenn Sie Bilder auf die Website hochladen, sollten Sie darauf achten, keine Bilder mit eingebetteten Standortdaten (EXIF-GPS) hochzuladen. Besucher der [&hellip;]<\/p>\n","protected":false},"author":1,"featured_media":0,"parent":0,"menu_order":0,"comment_status":"closed","ping_status":"closed","template":"","meta":{"_et_pb_use_builder":"on","_et_pb_old_content":"","_et_gb_content_width":"","_exactmetrics_skip_tracking":false,"_exactmetrics_sitenote_active":false,"_exactmetrics_sitenote_note":"","_exactmetrics_sitenote_category":0,"footnotes":""},"class_list":["post-8580","page","type-page","status-publish","hentry"],"yoast_head":"<!-- This site is optimized with the Yoast SEO Premium plugin v27.2 (Yoast SEO v27.2) - https:\/\/yoast.com\/product\/yoast-seo-premium-wordpress\/ -->\n<title>Datenschutzrichtlinie | Island Otok Unije - Adriatic Sea Adventure and Fishing Island<\/title>\n<meta name=\"description\" content=\"Insel Otok Unije, im n\u00f6rdlichen Teil der Adria gelegen. Einzigartiges Erlebnis. Kleine und gro\u00dfe Konoba-Unterk\u00fcnfte. Lernen Sie, sich zu entspannen.\" \/>\n<meta name=\"robots\" content=\"index, follow, max-snippet:-1, max-image-preview:large, max-video-preview:-1\" \/>\n<link rel=\"canonical\" href=\"https:\/\/www.unije.si\/de\/datenschutzrichtlinie\/\" \/>\n<meta property=\"og:locale\" content=\"de_DE\" \/>\n<meta property=\"og:type\" content=\"article\" \/>\n<meta property=\"og:title\" content=\"Datenschutzrichtlinie\" \/>\n<meta property=\"og:description\" content=\"Insel Otok Unije, im n\u00f6rdlichen Teil der Adria gelegen. Einzigartiges Erlebnis. Kleine und gro\u00dfe Konoba-Unterk\u00fcnfte. Lernen Sie, sich zu entspannen.\" \/>\n<meta property=\"og:url\" content=\"https:\/\/www.unije.si\/de\/datenschutzrichtlinie\/\" \/>\n<meta property=\"og:site_name\" content=\"Island Otok Unije - Adriatic Sea Adventure and Fishing Island\" \/>\n<meta property=\"article:modified_time\" content=\"2026-03-26T22:17:20+00:00\" \/>\n<meta property=\"og:image\" content=\"https:\/\/www.unije.si\/wp-content\/uploads\/2025\/11\/Unije_prva-stran2.jpg\" \/>\n\t<meta property=\"og:image:width\" content=\"1024\" \/>\n\t<meta property=\"og:image:height\" content=\"768\" \/>\n\t<meta property=\"og:image:type\" content=\"image\/jpeg\" \/>\n<meta name=\"twitter:card\" content=\"summary_large_image\" \/>\n<meta name=\"twitter:label1\" content=\"Gesch\u00e4tzte Lesezeit\" \/>\n\t<meta name=\"twitter:data1\" content=\"6\u00a0Minuten\" \/>\n<script type=\"application\/ld+json\" class=\"yoast-schema-graph\">{\"@context\":\"https:\/\/schema.org\",\"@graph\":[{\"@type\":\"WebPage\",\"@id\":\"https:\/\/www.unije.si\/de\/datenschutzrichtlinie\/\",\"url\":\"https:\/\/www.unije.si\/de\/datenschutzrichtlinie\/\",\"name\":\"Datenschutzrichtlinie | Island Otok Unije - Adriatic Sea Adventure and Fishing Island\",\"isPartOf\":{\"@id\":\"https:\/\/www.unije.si\/de\/#website\"},\"datePublished\":\"2025-11-28T22:35:12+00:00\",\"dateModified\":\"2026-03-26T22:17:20+00:00\",\"description\":\"Insel Otok Unije, im n\u00f6rdlichen Teil der Adria gelegen. Einzigartiges Erlebnis. Kleine und gro\u00dfe Konoba-Unterk\u00fcnfte. Lernen Sie, sich zu entspannen.\",\"breadcrumb\":{\"@id\":\"https:\/\/www.unije.si\/de\/datenschutzrichtlinie\/#breadcrumb\"},\"inLanguage\":\"de\",\"potentialAction\":[{\"@type\":\"ReadAction\",\"target\":[\"https:\/\/www.unije.si\/de\/datenschutzrichtlinie\/\"]}]},{\"@type\":\"BreadcrumbList\",\"@id\":\"https:\/\/www.unije.si\/de\/datenschutzrichtlinie\/#breadcrumb\",\"itemListElement\":[{\"@type\":\"ListItem\",\"position\":1,\"name\":\"Home\",\"item\":\"https:\/\/www.unije.si\/de\/\"},{\"@type\":\"ListItem\",\"position\":2,\"name\":\"Datenschutzrichtlinie\"}]},{\"@type\":\"WebSite\",\"@id\":\"https:\/\/www.unije.si\/de\/#website\",\"url\":\"https:\/\/www.unije.si\/de\/\",\"name\":\"Island Otok Unije - Adriatic Sea Adventure and Fishing Island\",\"description\":\"Small and Big Konoba Accomodations on Island\/Otok Unije. Leave your everyday life behind you and learn to relax.\",\"publisher\":{\"@id\":\"https:\/\/www.unije.si\/de\/#organization\"},\"alternateName\":\"Island Otok Unije - Adriatic Sea Adventure and Fishing Island\",\"potentialAction\":[{\"@type\":\"SearchAction\",\"target\":{\"@type\":\"EntryPoint\",\"urlTemplate\":\"https:\/\/www.unije.si\/de\/?s={search_term_string}\"},\"query-input\":{\"@type\":\"PropertyValueSpecification\",\"valueRequired\":true,\"valueName\":\"search_term_string\"}}],\"inLanguage\":\"de\"},{\"@type\":\"Organization\",\"@id\":\"https:\/\/www.unije.si\/de\/#organization\",\"name\":\"Island Otok Unije\",\"url\":\"https:\/\/www.unije.si\/de\/\",\"logo\":{\"@type\":\"ImageObject\",\"inLanguage\":\"de\",\"@id\":\"https:\/\/www.unije.si\/de\/#\/schema\/logo\/image\/\",\"url\":\"https:\/\/www.unije.si\/wp-content\/uploads\/2025\/11\/cropped-unije_site-identity2.png\",\"contentUrl\":\"https:\/\/www.unije.si\/wp-content\/uploads\/2025\/11\/cropped-unije_site-identity2.png\",\"width\":512,\"height\":512,\"caption\":\"Island Otok Unije\"},\"image\":{\"@id\":\"https:\/\/www.unije.si\/de\/#\/schema\/logo\/image\/\"},\"description\":\"Small and Big Konoba Accomodations on Island\/Otok Unije. Leave your everyday life behind you and learn to relax.\",\"email\":\"info@unije.si\",\"telephone\":\"00386 41 354 734\",\"legalName\":\"Unije\"}]}<\/script>\n<!-- \/ Yoast SEO Premium plugin. -->","yoast_head_json":{"title":"Datenschutzrichtlinie | Island Otok Unije - Adriatic Sea Adventure and Fishing Island","description":"Insel Otok Unije, im n\u00f6rdlichen Teil der Adria gelegen. Einzigartiges Erlebnis. Kleine und gro\u00dfe Konoba-Unterk\u00fcnfte. Lernen Sie, sich zu entspannen.","robots":{"index":"index","follow":"follow","max-snippet":"max-snippet:-1","max-image-preview":"max-image-preview:large","max-video-preview":"max-video-preview:-1"},"canonical":"https:\/\/www.unije.si\/de\/datenschutzrichtlinie\/","og_locale":"de_DE","og_type":"article","og_title":"Datenschutzrichtlinie","og_description":"Insel Otok Unije, im n\u00f6rdlichen Teil der Adria gelegen. Einzigartiges Erlebnis. Kleine und gro\u00dfe Konoba-Unterk\u00fcnfte. Lernen Sie, sich zu entspannen.","og_url":"https:\/\/www.unije.si\/de\/datenschutzrichtlinie\/","og_site_name":"Island Otok Unije - Adriatic Sea Adventure and Fishing Island","article_modified_time":"2026-03-26T22:17:20+00:00","og_image":[{"width":1024,"height":768,"url":"https:\/\/www.unije.si\/wp-content\/uploads\/2025\/11\/Unije_prva-stran2.jpg","type":"image\/jpeg"}],"twitter_card":"summary_large_image","twitter_misc":{"Gesch\u00e4tzte Lesezeit":"6\u00a0Minuten"},"schema":{"@context":"https:\/\/schema.org","@graph":[{"@type":"WebPage","@id":"https:\/\/www.unije.si\/de\/datenschutzrichtlinie\/","url":"https:\/\/www.unije.si\/de\/datenschutzrichtlinie\/","name":"Datenschutzrichtlinie | Island Otok Unije - Adriatic Sea Adventure and Fishing Island","isPartOf":{"@id":"https:\/\/www.unije.si\/de\/#website"},"datePublished":"2025-11-28T22:35:12+00:00","dateModified":"2026-03-26T22:17:20+00:00","description":"Insel Otok Unije, im n\u00f6rdlichen Teil der Adria gelegen. Einzigartiges Erlebnis. Kleine und gro\u00dfe Konoba-Unterk\u00fcnfte. Lernen Sie, sich zu entspannen.","breadcrumb":{"@id":"https:\/\/www.unije.si\/de\/datenschutzrichtlinie\/#breadcrumb"},"inLanguage":"de","potentialAction":[{"@type":"ReadAction","target":["https:\/\/www.unije.si\/de\/datenschutzrichtlinie\/"]}]},{"@type":"BreadcrumbList","@id":"https:\/\/www.unije.si\/de\/datenschutzrichtlinie\/#breadcrumb","itemListElement":[{"@type":"ListItem","position":1,"name":"Home","item":"https:\/\/www.unije.si\/de\/"},{"@type":"ListItem","position":2,"name":"Datenschutzrichtlinie"}]},{"@type":"WebSite","@id":"https:\/\/www.unije.si\/de\/#website","url":"https:\/\/www.unije.si\/de\/","name":"Island Otok Unije - Adriatic Sea Adventure and Fishing Island","description":"Small and Big Konoba Accomodations on Island\/Otok Unije. Leave your everyday life behind you and learn to relax.","publisher":{"@id":"https:\/\/www.unije.si\/de\/#organization"},"alternateName":"Island Otok Unije - Adriatic Sea Adventure and Fishing Island","potentialAction":[{"@type":"SearchAction","target":{"@type":"EntryPoint","urlTemplate":"https:\/\/www.unije.si\/de\/?s={search_term_string}"},"query-input":{"@type":"PropertyValueSpecification","valueRequired":true,"valueName":"search_term_string"}}],"inLanguage":"de"},{"@type":"Organization","@id":"https:\/\/www.unije.si\/de\/#organization","name":"Island Otok Unije","url":"https:\/\/www.unije.si\/de\/","logo":{"@type":"ImageObject","inLanguage":"de","@id":"https:\/\/www.unije.si\/de\/#\/schema\/logo\/image\/","url":"https:\/\/www.unije.si\/wp-content\/uploads\/2025\/11\/cropped-unije_site-identity2.png","contentUrl":"https:\/\/www.unije.si\/wp-content\/uploads\/2025\/11\/cropped-unije_site-identity2.png","width":512,"height":512,"caption":"Island Otok Unije"},"image":{"@id":"https:\/\/www.unije.si\/de\/#\/schema\/logo\/image\/"},"description":"Small and Big Konoba Accomodations on Island\/Otok Unije. Leave your everyday life behind you and learn to relax.","email":"info@unije.si","telephone":"00386 41 354 734","legalName":"Unije"}]}},"_links":{"self":[{"href":"https:\/\/www.unije.si\/de\/wp-json\/wp\/v2\/pages\/8580","targetHints":{"allow":["GET"]}}],"collection":[{"href":"https:\/\/www.unije.si\/de\/wp-json\/wp\/v2\/pages"}],"about":[{"href":"https:\/\/www.unije.si\/de\/wp-json\/wp\/v2\/types\/page"}],"author":[{"embeddable":true,"href":"https:\/\/www.unije.si\/de\/wp-json\/wp\/v2\/users\/1"}],"replies":[{"embeddable":true,"href":"https:\/\/www.unije.si\/de\/wp-json\/wp\/v2\/comments?post=8580"}],"version-history":[{"count":5,"href":"https:\/\/www.unije.si\/de\/wp-json\/wp\/v2\/pages\/8580\/revisions"}],"predecessor-version":[{"id":9038,"href":"https:\/\/www.unije.si\/de\/wp-json\/wp\/v2\/pages\/8580\/revisions\/9038"}],"wp:attachment":[{"href":"https:\/\/www.unije.si\/de\/wp-json\/wp\/v2\/media?parent=8580"}],"curies":[{"name":"wp","href":"https:\/\/api.w.org\/{rel}","templated":true}]}}